{"id":85,"date":"2022-04-05T23:41:26","date_gmt":"2022-04-05T21:41:26","guid":{"rendered":"http:\/\/parafiaparchowo.pl\/?page_id=85"},"modified":"2025-09-16T23:21:57","modified_gmt":"2025-09-16T21:21:57","slug":"informator","status":"publish","type":"page","link":"https:\/\/parafiaparchowo.pl\/?page_id=85","title":{"rendered":"INFORMATOR"},"content":{"rendered":"<h1 class=\"western\" align=\"center\"><\/h1>\n<h1 class=\"western\" align=\"center\"><span style=\"color: #333333;\"><span style=\"font-family: Lora, serif;\"><span style=\"font-size: large;\"><img loading=\"lazy\" decoding=\"async\" class=\"wp-image-148 aligncenter\" src=\"https:\/\/parafiaparchowo.pl\/wp-content\/uploads\/2022\/04\/kancelaria-300x150.jpg\" alt=\"\" width=\"626\" height=\"313\" srcset=\"https:\/\/parafiaparchowo.pl\/wp-content\/uploads\/2022\/04\/kancelaria-300x150.jpg 300w, https:\/\/parafiaparchowo.pl\/wp-content\/uploads\/2022\/04\/kancelaria-449x225.jpg 449w, https:\/\/parafiaparchowo.pl\/wp-content\/uploads\/2022\/04\/kancelaria.jpg 600w\" sizes=\"auto, (max-width: 626px) 100vw, 626px\" \/><\/span><\/span><\/span><\/h1>\n<p style=\"text-align: left;\">\n<p><strong><span style=\"color: #333333;\"><span style=\"font-family: Lato, sans-serif;\"><span style=\"font-size: small;\"><b>PROBOSZCZ PARAFII:<\/b><\/span><\/span><\/span><\/strong><\/p>\n<p><span style=\"color: #333333;\"><span style=\"font-family: Lato, sans-serif;\"><span style=\"font-size: small;\">ks. Jerzy Zgoda<\/span><\/span><\/span><\/p>\n<p><strong><span style=\"color: #333333;\"><span style=\"font-family: Lato, sans-serif;\"><span style=\"font-size: small;\"><b>DANE KONTAKTOWE:<\/b><\/span><\/span><\/span><\/strong><\/p>\n<p><span style=\"color: #333333;\"><span style=\"font-family: Lato, sans-serif;\"><span style=\"font-size: small;\">Parafia Rzymskokatolicka pw. \u015bw. Miko\u0142aja<br \/>\n<\/span><\/span><\/span><span style=\"color: #333333;\"><span style=\"font-family: Lato, sans-serif;\"><span style=\"font-size: small;\">ul. Ko\u015bcielna 8<br \/>\n77-124 Parchowo<\/span><\/span><\/span><\/p>\n<p><span style=\"color: #333333;\"><span style=\"font-family: Lato, sans-serif;\"><span style=\"font-size: small;\"><strong>Telefon:<\/strong> 59 821 44 85<br \/>\n<\/span><\/span><\/span><span style=\"color: #333333;\"><span style=\"font-family: Lato, sans-serif;\"><span style=\"font-size: small;\"><strong>Adres e-mail<\/strong>: <a class=\"hover:underline\" href=\"mailto:pparchowo@diecezja-pelplin.pl\">pparchowo@diecezja-pelplin.pl<\/a><br \/>\n<strong>Numer konta parafii:<\/strong> 56 1600 1462 1894 3338 9000 0001 (BNP PARIBAS)<br \/>\n<\/span><\/span><\/span><\/p>\n<p>__<\/p>\n<p><strong><span style=\"color: #333333;\"><span style=\"font-family: Lato, sans-serif;\"><span style=\"font-size: small;\"><b>POTRZEBNE DOKUMENTY<\/b><\/span><\/span><\/span><\/strong><\/p>\n<p><span style=\"color: #333333;\"><span style=\"font-family: Lato, sans-serif;\"><span style=\"font-size: small;\">1. do chrztu \u2013 akt urodzenia dziecka<\/span><\/span><\/span><\/p>\n<p><span style=\"color: #333333;\"><span style=\"font-family: Lato, sans-serif;\"><span style=\"font-size: small;\">2. do \u015blubu \u2013 metryka chrztu, \u015bwiadectwo uko\u0144czenia katechizacji szkolnej i przedma\u0142\u017ce\u0144skiej, oraz dokumenty z USC (\u015blub tzw. konkordatowy)<\/span><\/span><\/span><\/p>\n<p><span style=\"color: #333333;\"><span style=\"font-family: Lato, sans-serif;\"><span style=\"font-size: small;\">3. do pogrzebu \u2013 akt zgonu i dokument przeznaczony dla administracji cmentarza (je\u015bli pogrzeb na naszym cmentarzu)<\/span><\/span><\/span><\/p>\n<p align=\"center\">\n","protected":false},"excerpt":{"rendered":"<p>PROBOSZCZ PARAFII: ks. Jerzy Zgoda DANE KONTAKTOWE: Parafia Rzymskokatolicka pw. \u015bw. Miko\u0142aja ul. Ko\u015bcielna 8 77-124 Parchowo Telefon: 59 821 44 85 Adres e-mail: &hellip;<\/p>\n","protected":false},"author":1,"featured_media":0,"parent":0,"menu_order":7,"comment_status":"closed","ping_status":"closed","template":"","meta":{"footnotes":""},"class_list":["post-85","page","type-page","status-publish","hentry"],"_links":{"self":[{"href":"https:\/\/parafiaparchowo.pl\/index.php?rest_route=\/wp\/v2\/pages\/85","targetHints":{"allow":["GET"]}}],"collection":[{"href":"https:\/\/parafiaparchowo.pl\/index.php?rest_route=\/wp\/v2\/pages"}],"about":[{"href":"https:\/\/parafiaparchowo.pl\/index.php?rest_route=\/wp\/v2\/types\/page"}],"author":[{"embeddable":true,"href":"https:\/\/parafiaparchowo.pl\/index.php?rest_route=\/wp\/v2\/users\/1"}],"replies":[{"embeddable":true,"href":"https:\/\/parafiaparchowo.pl\/index.php?rest_route=%2Fwp%2Fv2%2Fcomments&post=85"}],"version-history":[{"count":14,"href":"https:\/\/parafiaparchowo.pl\/index.php?rest_route=\/wp\/v2\/pages\/85\/revisions"}],"predecessor-version":[{"id":202,"href":"https:\/\/parafiaparchowo.pl\/index.php?rest_route=\/wp\/v2\/pages\/85\/revisions\/202"}],"wp:attachment":[{"href":"https:\/\/parafiaparchowo.pl\/index.php?rest_route=%2Fwp%2Fv2%2Fmedia&parent=85"}],"curies":[{"name":"wp","href":"https:\/\/api.w.org\/{rel}","templated":true}]}}