{"id":1606,"date":"2025-06-12T20:12:33","date_gmt":"2025-06-12T18:12:33","guid":{"rendered":"https:\/\/parafiaparchowo.pl\/?page_id=1606"},"modified":"2025-10-31T22:24:02","modified_gmt":"2025-10-31T21:24:02","slug":"domownicy-boga","status":"publish","type":"page","link":"https:\/\/parafiaparchowo.pl\/?page_id=1606","title":{"rendered":"Domownicy Boga"},"content":{"rendered":"\n<p>\u201eAby\u015bcie nie byli ju\u017c obcymi i przychodniami, lecz wsp\u00f3\u0142obywatelami \u015bwi\u0119tych i domownikami Boga.\u201d (Ef 2,19)<\/p>\n\n\n\n<p>Wsp\u00f3lnota Domownicy Boga skupia osoby doros\u0142e i m\u0142odzie\u017c pragn\u0105cych pog\u0142\u0119bia\u0107 swoj\u0105 wiar\u0119 i wi\u0119\u017a z Jezusem Chrystusem. Spotykamy si\u0119 regularnie na modlitwie, rozwa\u017caniu Pisma \u015awi\u0119tego oraz rozmowach o codziennym \u017cyciu w duchu Ewangelii. Naszym celem jest wsp\u00f3lne wzrastanie w wierze i odkrywanie obecno\u015bci Boga w codzienno\u015bci.<\/p>\n\n\n\n<p>Spotkania odbywaj\u0105 si\u0119 we wtorki &#8211; po wieczornej Mszy \u015awi\u0119tej.<\/p>\n\n\n\n<p>Serdecznie zapraszamy wszystkich, kt\u00f3rzy pragn\u0105 pog\u0142\u0119bi\u0107 swoj\u0105 wi\u0119\u017a z Bogiem i do\u015bwiadczy\u0107 wsp\u00f3lnoty Ko\u015bcio\u0142a. Informacje o mo\u017cliwo\u015bci do\u0142\u0105czenia u ksi\u0119dza proboszcza.<\/p>\n\n\n<div class=\"wp-block-image\">\n<figure class=\"aligncenter size-full\"><img loading=\"lazy\" decoding=\"async\" width=\"900\" height=\"960\" src=\"https:\/\/parafiaparchowo.pl\/wp-content\/uploads\/2025\/10\/LOGO_DOMOWNICY_BOGA-1022x1024-1.jpg\" alt=\"\" class=\"wp-image-1929\" srcset=\"https:\/\/parafiaparchowo.pl\/wp-content\/uploads\/2025\/10\/LOGO_DOMOWNICY_BOGA-1022x1024-1.jpg 900w, https:\/\/parafiaparchowo.pl\/wp-content\/uploads\/2025\/10\/LOGO_DOMOWNICY_BOGA-1022x1024-1-281x300.jpg 281w, https:\/\/parafiaparchowo.pl\/wp-content\/uploads\/2025\/10\/LOGO_DOMOWNICY_BOGA-1022x1024-1-768x819.jpg 768w\" sizes=\"auto, (max-width: 900px) 100vw, 900px\" \/><\/figure>\n<\/div>","protected":false},"excerpt":{"rendered":"<p>\u201eAby\u015bcie nie byli ju\u017c obcymi i przychodniami, lecz wsp\u00f3\u0142obywatelami \u015bwi\u0119tych i domownikami Boga.\u201d (Ef 2,19) Wsp\u00f3lnota Domownicy Boga skupia osoby doros\u0142e i m\u0142odzie\u017c pragn\u0105cych &hellip;<\/p>\n","protected":false},"author":1,"featured_media":0,"parent":1201,"menu_order":0,"comment_status":"closed","ping_status":"closed","template":"","meta":{"footnotes":""},"class_list":["post-1606","page","type-page","status-publish","hentry"],"_links":{"self":[{"href":"https:\/\/parafiaparchowo.pl\/index.php?rest_route=\/wp\/v2\/pages\/1606","targetHints":{"allow":["GET"]}}],"collection":[{"href":"https:\/\/parafiaparchowo.pl\/index.php?rest_route=\/wp\/v2\/pages"}],"about":[{"href":"https:\/\/parafiaparchowo.pl\/index.php?rest_route=\/wp\/v2\/types\/page"}],"author":[{"embeddable":true,"href":"https:\/\/parafiaparchowo.pl\/index.php?rest_route=\/wp\/v2\/users\/1"}],"replies":[{"embeddable":true,"href":"https:\/\/parafiaparchowo.pl\/index.php?rest_route=%2Fwp%2Fv2%2Fcomments&post=1606"}],"version-history":[{"count":4,"href":"https:\/\/parafiaparchowo.pl\/index.php?rest_route=\/wp\/v2\/pages\/1606\/revisions"}],"predecessor-version":[{"id":1937,"href":"https:\/\/parafiaparchowo.pl\/index.php?rest_route=\/wp\/v2\/pages\/1606\/revisions\/1937"}],"up":[{"embeddable":true,"href":"https:\/\/parafiaparchowo.pl\/index.php?rest_route=\/wp\/v2\/pages\/1201"}],"wp:attachment":[{"href":"https:\/\/parafiaparchowo.pl\/index.php?rest_route=%2Fwp%2Fv2%2Fmedia&parent=1606"}],"curies":[{"name":"wp","href":"https:\/\/api.w.org\/{rel}","templated":true}]}}