{"id":1604,"date":"2025-06-12T20:12:33","date_gmt":"2025-06-12T18:12:33","guid":{"rendered":"https:\/\/parafiaparchowo.pl\/?page_id=1604"},"modified":"2025-10-31T22:24:24","modified_gmt":"2025-10-31T21:24:24","slug":"schola-parafialna","status":"publish","type":"page","link":"https:\/\/parafiaparchowo.pl\/?page_id=1604","title":{"rendered":"Schola Parafialna"},"content":{"rendered":"\n<p>\u201e\u015apiewajcie Panu pie\u015b\u0144 now\u0105, \u015bpiewaj Panu, ca\u0142a ziemio!\u201d (Ps 96,1)<\/p>\n\n\n\n<p>Schola Parafialna ubogaca liturgi\u0119 poprzez \u015bpiew i muzyk\u0119. Wsp\u00f3lnota skupia dzieci, m\u0142odzie\u017c i doros\u0142ych, kt\u00f3rzy pragn\u0105 wielbi\u0107 Boga talentem muzycznym. Podczas pr\u00f3b przygotowujemy \u015bpiewy na niedzielne Msze \u015awi\u0119te, uroczysto\u015bci i nabo\u017ce\u0144stwa, uczymy si\u0119 nowych pie\u015bni, a tak\u017ce doskonalimy nasze talenty. Jako schola mamy na swoim koncie wiele osi\u0105gni\u0119\u0107 w przer\u00f3\u017cnych konkursach \u015bpiewu. Serdecznie zapraszamy wszystkich, kt\u00f3rzy lubi\u0105 \u015bpiewa\u0107 lub gra\u0107 na instrumentach, aby do\u0142\u0105czyli do naszej scholii i razem z nami chwalili Pana swoim talentem.<\/p>\n\n\n\n<p>Spotkania odbywaj\u0105 si\u0119 w ka\u017cd\u0105 niedziel\u0119 o godzinie 11. Rodzic\u00f3w dzieci, kt\u00f3re chc\u0105 do\u0142\u0105czy\u0107 zapraszamy do kontaktu z Panem Organist\u0105.<\/p>\n\n\n<div class=\"wp-block-image\">\n<figure class=\"aligncenter size-large\"><img loading=\"lazy\" decoding=\"async\" width=\"1024\" height=\"768\" src=\"https:\/\/parafiaparchowo.pl\/wp-content\/uploads\/2025\/10\/schola-1024x768.jpg\" alt=\"\" class=\"wp-image-1927\" srcset=\"https:\/\/parafiaparchowo.pl\/wp-content\/uploads\/2025\/10\/schola-1024x768.jpg 1024w, https:\/\/parafiaparchowo.pl\/wp-content\/uploads\/2025\/10\/schola-300x225.jpg 300w, https:\/\/parafiaparchowo.pl\/wp-content\/uploads\/2025\/10\/schola-768x576.jpg 768w, https:\/\/parafiaparchowo.pl\/wp-content\/uploads\/2025\/10\/schola-1536x1152.jpg 1536w, https:\/\/parafiaparchowo.pl\/wp-content\/uploads\/2025\/10\/schola-400x300.jpg 400w, https:\/\/parafiaparchowo.pl\/wp-content\/uploads\/2025\/10\/schola.jpg 1600w\" sizes=\"auto, (max-width: 1024px) 100vw, 1024px\" \/><\/figure>\n<\/div>","protected":false},"excerpt":{"rendered":"<p>\u201e\u015apiewajcie Panu pie\u015b\u0144 now\u0105, \u015bpiewaj Panu, ca\u0142a ziemio!\u201d (Ps 96,1) Schola Parafialna ubogaca liturgi\u0119 poprzez \u015bpiew i muzyk\u0119. Wsp\u00f3lnota skupia dzieci, m\u0142odzie\u017c i doros\u0142ych, &hellip;<\/p>\n","protected":false},"author":1,"featured_media":0,"parent":1201,"menu_order":0,"comment_status":"closed","ping_status":"closed","template":"","meta":{"footnotes":""},"class_list":["post-1604","page","type-page","status-publish","hentry"],"_links":{"self":[{"href":"https:\/\/parafiaparchowo.pl\/index.php?rest_route=\/wp\/v2\/pages\/1604","targetHints":{"allow":["GET"]}}],"collection":[{"href":"https:\/\/parafiaparchowo.pl\/index.php?rest_route=\/wp\/v2\/pages"}],"about":[{"href":"https:\/\/parafiaparchowo.pl\/index.php?rest_route=\/wp\/v2\/types\/page"}],"author":[{"embeddable":true,"href":"https:\/\/parafiaparchowo.pl\/index.php?rest_route=\/wp\/v2\/users\/1"}],"replies":[{"embeddable":true,"href":"https:\/\/parafiaparchowo.pl\/index.php?rest_route=%2Fwp%2Fv2%2Fcomments&post=1604"}],"version-history":[{"count":4,"href":"https:\/\/parafiaparchowo.pl\/index.php?rest_route=\/wp\/v2\/pages\/1604\/revisions"}],"predecessor-version":[{"id":1939,"href":"https:\/\/parafiaparchowo.pl\/index.php?rest_route=\/wp\/v2\/pages\/1604\/revisions\/1939"}],"up":[{"embeddable":true,"href":"https:\/\/parafiaparchowo.pl\/index.php?rest_route=\/wp\/v2\/pages\/1201"}],"wp:attachment":[{"href":"https:\/\/parafiaparchowo.pl\/index.php?rest_route=%2Fwp%2Fv2%2Fmedia&parent=1604"}],"curies":[{"name":"wp","href":"https:\/\/api.w.org\/{rel}","templated":true}]}}