{"id":1602,"date":"2025-05-15T21:04:11","date_gmt":"2025-05-15T19:04:11","guid":{"rendered":"https:\/\/parafiaparchowo.pl\/?page_id=1602"},"modified":"2025-10-31T22:51:28","modified_gmt":"2025-10-31T21:51:28","slug":"roze-rozanca-swietego","status":"publish","type":"page","link":"https:\/\/parafiaparchowo.pl\/?page_id=1602","title":{"rendered":"R\u00f3\u017ce R\u00f3\u017ca\u0144ca \u015awi\u0119tego"},"content":{"rendered":"\n<p>\u201eOdmawiajcie r\u00f3\u017caniec, aby wyprosi\u0107 pok\u00f3j dla \u015bwiata.\u201d (Matka Bo\u017ca w Fatimie)<\/p>\n\n\n\n<p>Cz\u0142onkowie R\u00f3\u017c R\u00f3\u017ca\u0144cowych codziennie odmawiaj\u0105 jedn\u0105 tajemnic\u0119 r\u00f3\u017ca\u0144ca, tworz\u0105c wsp\u00f3lny modlitewny \u0142a\u0144cuch obejmuj\u0105cy ca\u0142\u0105 parafi\u0119. W ten spos\u00f3b ka\u017cdego dnia zanosimy modlitwy w intencjach Ko\u015bcio\u0142a, Ojca \u015awi\u0119tego, rodzin i wszystkich potrzebuj\u0105cych.<\/p>\n\n\n\n<p>Wsp\u00f3lnota spotyka si\u0119 raz w miesi\u0105cu na wsp\u00f3lnej modlitwie. Spotkania odbywaj\u0105 si\u0119 w pierwsz\u0105 niedziel\u0119 miesi\u0105ca. Maryja zapewnia: \u201eKtokolwiek odmawia r\u00f3\u017caniec, otrzyma wiele \u0142ask\u201d.<\/p>\n\n\n\n<p>Ka\u017cdy, kto pragnie w\u0142\u0105czy\u0107 si\u0119 w t\u0119 form\u0119 modlitwy, mo\u017ce do\u0142\u0105czy\u0107 do jednej z R\u00f3\u017c R\u00f3\u017ca\u0144cowych. Wszystkich ch\u0119tnych do do\u0142\u0105czenia do R\u00f3\u017cy R\u00f3\u017ca\u0144cowej zach\u0119camy do kontaktu z opiekunem R\u00f3\u017cy.<\/p>\n\n\n\n<p>W naszej Parafii funkcjonuje obecnie 17 R\u00f3\u017c \u017bywego R\u00f3\u017ca\u0144ca.<\/p>\n\n\n\n<figure class=\"wp-block-gallery has-nested-images columns-4 is-cropped wp-block-gallery-1 is-layout-flex wp-block-gallery-is-layout-flex\">\n<figure class=\"wp-block-image size-large\"><img loading=\"lazy\" decoding=\"async\" width=\"600\" height=\"600\" data-id=\"1239\" src=\"https:\/\/parafiaparchowo.pl\/wp-content\/uploads\/2024\/04\/16.png\" alt=\"\" class=\"wp-image-1239\" srcset=\"https:\/\/parafiaparchowo.pl\/wp-content\/uploads\/2024\/04\/16.png 600w, https:\/\/parafiaparchowo.pl\/wp-content\/uploads\/2024\/04\/16-300x300.png 300w, https:\/\/parafiaparchowo.pl\/wp-content\/uploads\/2024\/04\/16-150x150.png 150w\" sizes=\"auto, (max-width: 600px) 100vw, 600px\" \/><\/figure>\n\n\n\n<figure class=\"wp-block-image size-large\"><img loading=\"lazy\" decoding=\"async\" width=\"600\" height=\"600\" data-id=\"1238\" src=\"https:\/\/parafiaparchowo.pl\/wp-content\/uploads\/2024\/04\/15.png\" alt=\"\" class=\"wp-image-1238\" srcset=\"https:\/\/parafiaparchowo.pl\/wp-content\/uploads\/2024\/04\/15.png 600w, https:\/\/parafiaparchowo.pl\/wp-content\/uploads\/2024\/04\/15-300x300.png 300w, https:\/\/parafiaparchowo.pl\/wp-content\/uploads\/2024\/04\/15-150x150.png 150w\" sizes=\"auto, (max-width: 600px) 100vw, 600px\" \/><\/figure>\n\n\n\n<figure class=\"wp-block-image size-large\"><img loading=\"lazy\" decoding=\"async\" width=\"600\" height=\"600\" data-id=\"1237\" src=\"https:\/\/parafiaparchowo.pl\/wp-content\/uploads\/2024\/04\/14.png\" alt=\"\" class=\"wp-image-1237\" srcset=\"https:\/\/parafiaparchowo.pl\/wp-content\/uploads\/2024\/04\/14.png 600w, https:\/\/parafiaparchowo.pl\/wp-content\/uploads\/2024\/04\/14-300x300.png 300w, https:\/\/parafiaparchowo.pl\/wp-content\/uploads\/2024\/04\/14-150x150.png 150w\" sizes=\"auto, (max-width: 600px) 100vw, 600px\" \/><\/figure>\n\n\n\n<figure class=\"wp-block-image size-large\"><img loading=\"lazy\" decoding=\"async\" width=\"600\" height=\"600\" data-id=\"1236\" src=\"https:\/\/parafiaparchowo.pl\/wp-content\/uploads\/2024\/04\/13.png\" alt=\"\" class=\"wp-image-1236\" srcset=\"https:\/\/parafiaparchowo.pl\/wp-content\/uploads\/2024\/04\/13.png 600w, https:\/\/parafiaparchowo.pl\/wp-content\/uploads\/2024\/04\/13-300x300.png 300w, https:\/\/parafiaparchowo.pl\/wp-content\/uploads\/2024\/04\/13-150x150.png 150w\" sizes=\"auto, (max-width: 600px) 100vw, 600px\" \/><\/figure>\n\n\n\n<figure class=\"wp-block-image size-large\"><img loading=\"lazy\" decoding=\"async\" width=\"600\" height=\"600\" data-id=\"1235\" src=\"https:\/\/parafiaparchowo.pl\/wp-content\/uploads\/2024\/04\/12.png\" alt=\"\" class=\"wp-image-1235\" srcset=\"https:\/\/parafiaparchowo.pl\/wp-content\/uploads\/2024\/04\/12.png 600w, https:\/\/parafiaparchowo.pl\/wp-content\/uploads\/2024\/04\/12-300x300.png 300w, https:\/\/parafiaparchowo.pl\/wp-content\/uploads\/2024\/04\/12-150x150.png 150w\" sizes=\"auto, (max-width: 600px) 100vw, 600px\" \/><\/figure>\n\n\n\n<figure class=\"wp-block-image size-large\"><img loading=\"lazy\" decoding=\"async\" width=\"600\" height=\"600\" data-id=\"1234\" src=\"https:\/\/parafiaparchowo.pl\/wp-content\/uploads\/2024\/04\/11.png\" alt=\"\" class=\"wp-image-1234\" srcset=\"https:\/\/parafiaparchowo.pl\/wp-content\/uploads\/2024\/04\/11.png 600w, https:\/\/parafiaparchowo.pl\/wp-content\/uploads\/2024\/04\/11-300x300.png 300w, https:\/\/parafiaparchowo.pl\/wp-content\/uploads\/2024\/04\/11-150x150.png 150w\" sizes=\"auto, (max-width: 600px) 100vw, 600px\" \/><\/figure>\n\n\n\n<figure class=\"wp-block-image size-large\"><img loading=\"lazy\" decoding=\"async\" width=\"600\" height=\"600\" data-id=\"1233\" src=\"https:\/\/parafiaparchowo.pl\/wp-content\/uploads\/2024\/04\/10.png\" alt=\"\" class=\"wp-image-1233\" srcset=\"https:\/\/parafiaparchowo.pl\/wp-content\/uploads\/2024\/04\/10.png 600w, https:\/\/parafiaparchowo.pl\/wp-content\/uploads\/2024\/04\/10-300x300.png 300w, https:\/\/parafiaparchowo.pl\/wp-content\/uploads\/2024\/04\/10-150x150.png 150w\" sizes=\"auto, (max-width: 600px) 100vw, 600px\" \/><\/figure>\n\n\n\n<figure class=\"wp-block-image size-large\"><img loading=\"lazy\" decoding=\"async\" width=\"600\" height=\"600\" data-id=\"1232\" src=\"https:\/\/parafiaparchowo.pl\/wp-content\/uploads\/2024\/04\/9.png\" alt=\"\" class=\"wp-image-1232\" srcset=\"https:\/\/parafiaparchowo.pl\/wp-content\/uploads\/2024\/04\/9.png 600w, https:\/\/parafiaparchowo.pl\/wp-content\/uploads\/2024\/04\/9-300x300.png 300w, https:\/\/parafiaparchowo.pl\/wp-content\/uploads\/2024\/04\/9-150x150.png 150w\" sizes=\"auto, (max-width: 600px) 100vw, 600px\" \/><\/figure>\n\n\n\n<figure class=\"wp-block-image size-large\"><img loading=\"lazy\" decoding=\"async\" width=\"600\" height=\"600\" data-id=\"1231\" src=\"https:\/\/parafiaparchowo.pl\/wp-content\/uploads\/2024\/04\/8.png\" alt=\"\" class=\"wp-image-1231\" srcset=\"https:\/\/parafiaparchowo.pl\/wp-content\/uploads\/2024\/04\/8.png 600w, https:\/\/parafiaparchowo.pl\/wp-content\/uploads\/2024\/04\/8-300x300.png 300w, https:\/\/parafiaparchowo.pl\/wp-content\/uploads\/2024\/04\/8-150x150.png 150w\" sizes=\"auto, (max-width: 600px) 100vw, 600px\" \/><\/figure>\n\n\n\n<figure class=\"wp-block-image size-large\"><img loading=\"lazy\" decoding=\"async\" width=\"600\" height=\"600\" data-id=\"1230\" src=\"https:\/\/parafiaparchowo.pl\/wp-content\/uploads\/2024\/04\/7.png\" alt=\"\" class=\"wp-image-1230\" srcset=\"https:\/\/parafiaparchowo.pl\/wp-content\/uploads\/2024\/04\/7.png 600w, https:\/\/parafiaparchowo.pl\/wp-content\/uploads\/2024\/04\/7-300x300.png 300w, https:\/\/parafiaparchowo.pl\/wp-content\/uploads\/2024\/04\/7-150x150.png 150w\" sizes=\"auto, (max-width: 600px) 100vw, 600px\" \/><\/figure>\n\n\n\n<figure class=\"wp-block-image size-large\"><img loading=\"lazy\" decoding=\"async\" width=\"600\" height=\"600\" data-id=\"1229\" src=\"https:\/\/parafiaparchowo.pl\/wp-content\/uploads\/2024\/04\/6.png\" alt=\"\" class=\"wp-image-1229\" srcset=\"https:\/\/parafiaparchowo.pl\/wp-content\/uploads\/2024\/04\/6.png 600w, https:\/\/parafiaparchowo.pl\/wp-content\/uploads\/2024\/04\/6-300x300.png 300w, https:\/\/parafiaparchowo.pl\/wp-content\/uploads\/2024\/04\/6-150x150.png 150w\" sizes=\"auto, (max-width: 600px) 100vw, 600px\" \/><\/figure>\n\n\n\n<figure class=\"wp-block-image size-large\"><img loading=\"lazy\" decoding=\"async\" width=\"600\" height=\"600\" data-id=\"1228\" src=\"https:\/\/parafiaparchowo.pl\/wp-content\/uploads\/2024\/04\/5.png\" alt=\"\" class=\"wp-image-1228\" srcset=\"https:\/\/parafiaparchowo.pl\/wp-content\/uploads\/2024\/04\/5.png 600w, https:\/\/parafiaparchowo.pl\/wp-content\/uploads\/2024\/04\/5-300x300.png 300w, https:\/\/parafiaparchowo.pl\/wp-content\/uploads\/2024\/04\/5-150x150.png 150w\" sizes=\"auto, (max-width: 600px) 100vw, 600px\" \/><\/figure>\n\n\n\n<figure class=\"wp-block-image size-large\"><img loading=\"lazy\" decoding=\"async\" width=\"600\" height=\"600\" data-id=\"1227\" src=\"https:\/\/parafiaparchowo.pl\/wp-content\/uploads\/2024\/04\/4.png\" alt=\"\" class=\"wp-image-1227\" srcset=\"https:\/\/parafiaparchowo.pl\/wp-content\/uploads\/2024\/04\/4.png 600w, https:\/\/parafiaparchowo.pl\/wp-content\/uploads\/2024\/04\/4-300x300.png 300w, https:\/\/parafiaparchowo.pl\/wp-content\/uploads\/2024\/04\/4-150x150.png 150w\" sizes=\"auto, (max-width: 600px) 100vw, 600px\" \/><\/figure>\n\n\n\n<figure class=\"wp-block-image size-large\"><img loading=\"lazy\" decoding=\"async\" width=\"600\" height=\"600\" data-id=\"1226\" src=\"https:\/\/parafiaparchowo.pl\/wp-content\/uploads\/2024\/04\/3.png\" alt=\"\" class=\"wp-image-1226\" srcset=\"https:\/\/parafiaparchowo.pl\/wp-content\/uploads\/2024\/04\/3.png 600w, https:\/\/parafiaparchowo.pl\/wp-content\/uploads\/2024\/04\/3-300x300.png 300w, https:\/\/parafiaparchowo.pl\/wp-content\/uploads\/2024\/04\/3-150x150.png 150w\" sizes=\"auto, (max-width: 600px) 100vw, 600px\" \/><\/figure>\n\n\n\n<figure class=\"wp-block-image size-large\"><img loading=\"lazy\" decoding=\"async\" width=\"600\" height=\"600\" data-id=\"1225\" src=\"https:\/\/parafiaparchowo.pl\/wp-content\/uploads\/2024\/04\/2.png\" alt=\"\" class=\"wp-image-1225\" srcset=\"https:\/\/parafiaparchowo.pl\/wp-content\/uploads\/2024\/04\/2.png 600w, https:\/\/parafiaparchowo.pl\/wp-content\/uploads\/2024\/04\/2-300x300.png 300w, https:\/\/parafiaparchowo.pl\/wp-content\/uploads\/2024\/04\/2-150x150.png 150w\" sizes=\"auto, (max-width: 600px) 100vw, 600px\" \/><\/figure>\n\n\n\n<figure class=\"wp-block-image size-large\"><img loading=\"lazy\" decoding=\"async\" width=\"600\" height=\"600\" data-id=\"1224\" src=\"https:\/\/parafiaparchowo.pl\/wp-content\/uploads\/2024\/04\/1.png\" alt=\"\" class=\"wp-image-1224\" srcset=\"https:\/\/parafiaparchowo.pl\/wp-content\/uploads\/2024\/04\/1.png 600w, https:\/\/parafiaparchowo.pl\/wp-content\/uploads\/2024\/04\/1-300x300.png 300w, https:\/\/parafiaparchowo.pl\/wp-content\/uploads\/2024\/04\/1-150x150.png 150w\" sizes=\"auto, (max-width: 600px) 100vw, 600px\" \/><\/figure>\n<\/figure>\n\n\n\n<p><\/p>\n","protected":false},"excerpt":{"rendered":"<p>\u201eOdmawiajcie r\u00f3\u017caniec, aby wyprosi\u0107 pok\u00f3j dla \u015bwiata.\u201d (Matka Bo\u017ca w Fatimie) Cz\u0142onkowie R\u00f3\u017c R\u00f3\u017ca\u0144cowych codziennie odmawiaj\u0105 jedn\u0105 tajemnic\u0119 r\u00f3\u017ca\u0144ca, tworz\u0105c wsp\u00f3lny modlitewny \u0142a\u0144cuch obejmuj\u0105cy &hellip;<\/p>\n","protected":false},"author":1,"featured_media":0,"parent":1201,"menu_order":0,"comment_status":"closed","ping_status":"closed","template":"","meta":{"footnotes":""},"class_list":["post-1602","page","type-page","status-publish","hentry"],"_links":{"self":[{"href":"https:\/\/parafiaparchowo.pl\/index.php?rest_route=\/wp\/v2\/pages\/1602","targetHints":{"allow":["GET"]}}],"collection":[{"href":"https:\/\/parafiaparchowo.pl\/index.php?rest_route=\/wp\/v2\/pages"}],"about":[{"href":"https:\/\/parafiaparchowo.pl\/index.php?rest_route=\/wp\/v2\/types\/page"}],"author":[{"embeddable":true,"href":"https:\/\/parafiaparchowo.pl\/index.php?rest_route=\/wp\/v2\/users\/1"}],"replies":[{"embeddable":true,"href":"https:\/\/parafiaparchowo.pl\/index.php?rest_route=%2Fwp%2Fv2%2Fcomments&post=1602"}],"version-history":[{"count":7,"href":"https:\/\/parafiaparchowo.pl\/index.php?rest_route=\/wp\/v2\/pages\/1602\/revisions"}],"predecessor-version":[{"id":1949,"href":"https:\/\/parafiaparchowo.pl\/index.php?rest_route=\/wp\/v2\/pages\/1602\/revisions\/1949"}],"up":[{"embeddable":true,"href":"https:\/\/parafiaparchowo.pl\/index.php?rest_route=\/wp\/v2\/pages\/1201"}],"wp:attachment":[{"href":"https:\/\/parafiaparchowo.pl\/index.php?rest_route=%2Fwp%2Fv2%2Fmedia&parent=1602"}],"curies":[{"name":"wp","href":"https:\/\/api.w.org\/{rel}","templated":true}]}}