{"id":1600,"date":"2025-06-12T20:12:33","date_gmt":"2025-06-12T18:12:33","guid":{"rendered":"https:\/\/parafiaparchowo.pl\/?page_id=1600"},"modified":"2025-10-31T22:24:16","modified_gmt":"2025-10-31T21:24:16","slug":"ministranci","status":"publish","type":"page","link":"https:\/\/parafiaparchowo.pl\/?page_id=1600","title":{"rendered":"Ministranci"},"content":{"rendered":"\n<p>\u201eNie przyszed\u0142em, aby Mi s\u0142u\u017cono, lecz aby s\u0142u\u017cy\u0107.\u201d (Mt 20,28)<\/p>\n\n\n\n<p>Ministranci s\u0142u\u017c\u0105 Panu Bogu przy o\u0142tarzu podczas Mszy \u015awi\u0119tych i nabo\u017ce\u0144stw. To wsp\u00f3lnota ch\u0142opc\u00f3w i m\u0142odzie\u017cy, kt\u00f3rzy ucz\u0105 si\u0119 odpowiedzialno\u015bci, skupienia i \u017cycia we wsp\u00f3lnocie Ko\u015bcio\u0142a. Poza s\u0142u\u017cb\u0105 liturgiczn\u0105 ministranci uczestnicz\u0105 w spotkaniach formacyjnych, zbi\u00f3rkach i wyjazdach rekolekcyjnych.<\/p>\n\n\n\n<p>Do grona ministrant\u00f3w zapraszamy wszystkich ch\u0142opc\u00f3w, kt\u00f3rzy pragn\u0105 s\u0142u\u017cy\u0107 Panu Bogu przy o\u0142tarzu i pog\u0142\u0119bia\u0107 swoj\u0105 wiar\u0119. Wi\u0119cej informacji u ksi\u0119dza proboszcza.<\/p>\n\n\n<div class=\"wp-block-image\">\n<figure class=\"aligncenter size-large\"><img loading=\"lazy\" decoding=\"async\" width=\"1024\" height=\"741\" src=\"https:\/\/parafiaparchowo.pl\/wp-content\/uploads\/2025\/10\/GD4B3175-1024x741.jpg\" alt=\"\" class=\"wp-image-1931\" srcset=\"https:\/\/parafiaparchowo.pl\/wp-content\/uploads\/2025\/10\/GD4B3175-1024x741.jpg 1024w, https:\/\/parafiaparchowo.pl\/wp-content\/uploads\/2025\/10\/GD4B3175-300x217.jpg 300w, https:\/\/parafiaparchowo.pl\/wp-content\/uploads\/2025\/10\/GD4B3175-768x556.jpg 768w, https:\/\/parafiaparchowo.pl\/wp-content\/uploads\/2025\/10\/GD4B3175-1536x1112.jpg 1536w, https:\/\/parafiaparchowo.pl\/wp-content\/uploads\/2025\/10\/GD4B3175-2048x1482.jpg 2048w, https:\/\/parafiaparchowo.pl\/wp-content\/uploads\/2025\/10\/GD4B3175-414x300.jpg 414w\" sizes=\"auto, (max-width: 1024px) 100vw, 1024px\" \/><\/figure>\n<\/div>","protected":false},"excerpt":{"rendered":"<p>\u201eNie przyszed\u0142em, aby Mi s\u0142u\u017cono, lecz aby s\u0142u\u017cy\u0107.\u201d (Mt 20,28) Ministranci s\u0142u\u017c\u0105 Panu Bogu przy o\u0142tarzu podczas Mszy \u015awi\u0119tych i nabo\u017ce\u0144stw. To wsp\u00f3lnota ch\u0142opc\u00f3w &hellip;<\/p>\n","protected":false},"author":1,"featured_media":0,"parent":1201,"menu_order":0,"comment_status":"closed","ping_status":"closed","template":"","meta":{"footnotes":""},"class_list":["post-1600","page","type-page","status-publish","hentry"],"_links":{"self":[{"href":"https:\/\/parafiaparchowo.pl\/index.php?rest_route=\/wp\/v2\/pages\/1600","targetHints":{"allow":["GET"]}}],"collection":[{"href":"https:\/\/parafiaparchowo.pl\/index.php?rest_route=\/wp\/v2\/pages"}],"about":[{"href":"https:\/\/parafiaparchowo.pl\/index.php?rest_route=\/wp\/v2\/types\/page"}],"author":[{"embeddable":true,"href":"https:\/\/parafiaparchowo.pl\/index.php?rest_route=\/wp\/v2\/users\/1"}],"replies":[{"embeddable":true,"href":"https:\/\/parafiaparchowo.pl\/index.php?rest_route=%2Fwp%2Fv2%2Fcomments&post=1600"}],"version-history":[{"count":5,"href":"https:\/\/parafiaparchowo.pl\/index.php?rest_route=\/wp\/v2\/pages\/1600\/revisions"}],"predecessor-version":[{"id":1938,"href":"https:\/\/parafiaparchowo.pl\/index.php?rest_route=\/wp\/v2\/pages\/1600\/revisions\/1938"}],"up":[{"embeddable":true,"href":"https:\/\/parafiaparchowo.pl\/index.php?rest_route=\/wp\/v2\/pages\/1201"}],"wp:attachment":[{"href":"https:\/\/parafiaparchowo.pl\/index.php?rest_route=%2Fwp%2Fv2%2Fmedia&parent=1600"}],"curies":[{"name":"wp","href":"https:\/\/api.w.org\/{rel}","templated":true}]}}